{"id":29,"date":"2022-10-15T16:01:10","date_gmt":"2022-10-15T14:01:10","guid":{"rendered":"http:\/\/belfortvolley.fr\/?page_id=29"},"modified":"2025-09-06T19:10:55","modified_gmt":"2025-09-06T17:10:55","slug":"inscriptions","status":"publish","type":"page","link":"https:\/\/belfortvolley.fr\/index.php\/inscriptions\/","title":{"rendered":"Dossier d&rsquo;inscription"},"content":{"rendered":"\n<p>Voici les documents \u00e0 fournir pour pouvoir s&rsquo;inscrire au club, \u00e0 remplir et remettre \u00e0 votre coach\/responsable d&rsquo;\u00e9quipe<\/p>\n\n\n\n<p>La fiche adh\u00e9rent :<\/p>\n\n\n\n<div data-wp-interactive=\"core\/file\" class=\"wp-block-file\"><object data-wp-bind--hidden=\"!state.hasPdfPreview\" hidden class=\"wp-block-file__embed\" data=\"https:\/\/belfortvolley.fr\/wp-content\/uploads\/2025\/09\/formulaire-CLUB-saison-2025-26.pdf\" type=\"application\/pdf\" style=\"width:100%;height:600px\" aria-label=\"Contenu embarqu\u00e9 formulaire CLUB saison 2025 26.\"><\/object><a id=\"wp-block-file--media-1946d23c-5635-4ed9-b121-eea28dc8032f\" href=\"https:\/\/belfortvolley.fr\/wp-content\/uploads\/2025\/09\/formulaire-CLUB-saison-2025-26.pdf\">formulaire CLUB saison 2025 26<\/a><a href=\"https:\/\/belfortvolley.fr\/wp-content\/uploads\/2025\/09\/formulaire-CLUB-saison-2025-26.pdf\" class=\"wp-block-file__button wp-element-button\" download aria-describedby=\"wp-block-file--media-1946d23c-5635-4ed9-b121-eea28dc8032f\">T\u00e9l\u00e9charger<\/a><\/div>\n\n\n\n<p>Le formulaire de demande de licence FFVB<\/p>\n\n\n\n<div data-wp-interactive=\"core\/file\" class=\"wp-block-file\"><object data-wp-bind--hidden=\"!state.hasPdfPreview\" hidden class=\"wp-block-file__embed\" data=\"https:\/\/belfortvolley.fr\/wp-content\/uploads\/2025\/09\/Formulaire-FFVB_demande_licences_2025_2026.pdf\" type=\"application\/pdf\" style=\"width:100%;height:600px\" aria-label=\"Contenu embarqu\u00e9 Formulaire FFVB_demande_licences_2025_2026.\"><\/object><a id=\"wp-block-file--media-07fbd947-f4fb-48d6-9a48-3d89452c4ee0\" href=\"https:\/\/belfortvolley.fr\/wp-content\/uploads\/2025\/09\/Formulaire-FFVB_demande_licences_2025_2026.pdf\">Formulaire FFVB_demande_licences_2025_2026<\/a><a href=\"https:\/\/belfortvolley.fr\/wp-content\/uploads\/2025\/09\/Formulaire-FFVB_demande_licences_2025_2026.pdf\" class=\"wp-block-file__button wp-element-button\" download aria-describedby=\"wp-block-file--media-07fbd947-f4fb-48d6-9a48-3d89452c4ee0\">T\u00e9l\u00e9charger<\/a><\/div>\n\n\n\n<p>Les documents m\u00e9dicaux (mineurs\/majeurs)<\/p>\n\n\n\n<div class=\"wp-block-columns is-layout-flex wp-container-core-columns-is-layout-9d6595d7 wp-block-columns-is-layout-flex\">\n<div class=\"wp-block-column is-layout-flow wp-block-column-is-layout-flow\">\n<div data-wp-interactive=\"core\/file\" class=\"wp-block-file\"><object data-wp-bind--hidden=\"!state.hasPdfPreview\" hidden class=\"wp-block-file__embed\" data=\"https:\/\/belfortvolley.fr\/wp-content\/uploads\/2025\/09\/FFvolley_qs_sport_sportifs-_2025-26-MINEURS.pdf\" type=\"application\/pdf\" style=\"width:100%;height:600px\" aria-label=\"Contenu embarqu\u00e9 FFvolley_qs_sport_sportifs _2025-26 MINEURS.\"><\/object><a id=\"wp-block-file--media-06f47fd5-266e-41de-a5f2-88a3368ee9c3\" href=\"https:\/\/belfortvolley.fr\/wp-content\/uploads\/2025\/09\/FFvolley_qs_sport_sportifs-_2025-26-MINEURS.pdf\" target=\"_blank\" rel=\"noreferrer noopener\">FFvolley_qs_sport_sportifs _2025-26 MINEURS<\/a><a href=\"https:\/\/belfortvolley.fr\/wp-content\/uploads\/2025\/09\/FFvolley_qs_sport_sportifs-_2025-26-MINEURS.pdf\" class=\"wp-block-file__button wp-element-button\" download aria-describedby=\"wp-block-file--media-06f47fd5-266e-41de-a5f2-88a3368ee9c3\">T\u00e9l\u00e9charger<\/a><\/div>\n<\/div>\n\n\n\n<div class=\"wp-block-column is-layout-flow wp-block-column-is-layout-flow\">\n<div data-wp-interactive=\"core\/file\" class=\"wp-block-file\"><object data-wp-bind--hidden=\"!state.hasPdfPreview\" hidden class=\"wp-block-file__embed\" data=\"https:\/\/belfortvolley.fr\/wp-content\/uploads\/2025\/09\/FFvolley_qs_sport_2025-26-MAJEURS.pdf\" type=\"application\/pdf\" style=\"width:100%;height:600px\" aria-label=\"Contenu embarqu\u00e9 FFvolley_qs_sport_2025-26 MAJEURS.\"><\/object><a id=\"wp-block-file--media-3c437adb-860d-4a51-a59d-0b87a65b08fb\" href=\"https:\/\/belfortvolley.fr\/wp-content\/uploads\/2025\/09\/FFvolley_qs_sport_2025-26-MAJEURS.pdf\" target=\"_blank\" rel=\"noreferrer noopener\">FFvolley_qs_sport_2025-26 MAJEURS<\/a><a href=\"https:\/\/belfortvolley.fr\/wp-content\/uploads\/2025\/09\/FFvolley_qs_sport_2025-26-MAJEURS.pdf\" class=\"wp-block-file__button wp-element-button\" download aria-describedby=\"wp-block-file--media-3c437adb-860d-4a51-a59d-0b87a65b08fb\">T\u00e9l\u00e9charger<\/a><\/div>\n<\/div>\n<\/div>\n\n\n\n<div data-wp-interactive=\"core\/file\" class=\"wp-block-file\"><object data-wp-bind--hidden=\"!state.hasPdfPreview\" hidden class=\"wp-block-file__embed\" data=\"https:\/\/belfortvolley.fr\/wp-content\/uploads\/2024\/09\/FFvolley_CERTIFICAT_MEDICAL_A.pdf\" type=\"application\/pdf\" style=\"width:100%;height:600px\" aria-label=\"Contenu embarqu\u00e9 FFvolley_CERTIFICAT_MEDICAL_A.\"><\/object><a id=\"wp-block-file--media-6b5672f0-b8dd-43b5-8ec1-bcce9f60cbd5\" href=\"https:\/\/belfortvolley.fr\/wp-content\/uploads\/2024\/09\/FFvolley_CERTIFICAT_MEDICAL_A.pdf\" target=\"_blank\" rel=\"noreferrer noopener\">FFvolley_CERTIFICAT_MEDICAL_A<\/a><a href=\"https:\/\/belfortvolley.fr\/wp-content\/uploads\/2024\/09\/FFvolley_CERTIFICAT_MEDICAL_A.pdf\" class=\"wp-block-file__button wp-element-button\" download aria-describedby=\"wp-block-file--media-6b5672f0-b8dd-43b5-8ec1-bcce9f60cbd5\">T\u00e9l\u00e9charger<\/a><\/div>\n\n\n\n<div data-wp-interactive=\"core\/file\" class=\"wp-block-file\"><object data-wp-bind--hidden=\"!state.hasPdfPreview\" hidden class=\"wp-block-file__embed\" data=\"https:\/\/belfortvolley.fr\/wp-content\/uploads\/2023\/08\/FFvolley_CERTIFICAT_MEDICAL_ENCADREMENT.pdf\" type=\"application\/pdf\" style=\"width:100%;height:300px\" aria-label=\"Contenu embarqu\u00e9 FFvolley_CERTIFICAT_MEDICAL_ENCADREMENT.\"><\/object><a id=\"wp-block-file--media-417a894b-69ec-4a06-bb77-18d1334cedd6\" href=\"https:\/\/belfortvolley.fr\/wp-content\/uploads\/2023\/08\/FFvolley_CERTIFICAT_MEDICAL_ENCADREMENT.pdf\" target=\"_blank\" rel=\"noreferrer noopener\">FFvolley_CERTIFICAT_MEDICAL_ENCADREMENT<\/a><a href=\"https:\/\/belfortvolley.fr\/wp-content\/uploads\/2023\/08\/FFvolley_CERTIFICAT_MEDICAL_ENCADREMENT.pdf\" class=\"wp-block-file__button wp-element-button\" download aria-describedby=\"wp-block-file--media-417a894b-69ec-4a06-bb77-18d1334cedd6\">T\u00e9l\u00e9charger<\/a><\/div>\n\n\n\n<p>Le planning des entra\u00eenements<\/p>\n\n\n\n<div data-wp-interactive=\"core\/file\" class=\"wp-block-file\"><object data-wp-bind--hidden=\"!state.hasPdfPreview\" hidden class=\"wp-block-file__embed\" data=\"https:\/\/belfortvolley.fr\/wp-content\/uploads\/2024\/09\/Planning-entrainements-2025-2026.pdf\" type=\"application\/pdf\" style=\"width:100%;height:600px\" aria-label=\"Contenu embarqu\u00e9 Planning entra\u00eenements 2025-2026.\"><\/object><a id=\"wp-block-file--media-12a27782-d011-4e0d-8dc6-67415d61c146\" href=\"https:\/\/belfortvolley.fr\/wp-content\/uploads\/2024\/09\/Planning-entrainements-2025-2026.pdf\">Planning entra\u00eenements 2025-2026<\/a><a href=\"https:\/\/belfortvolley.fr\/wp-content\/uploads\/2024\/09\/Planning-entrainements-2025-2026.pdf\" class=\"wp-block-file__button wp-element-button\" download aria-describedby=\"wp-block-file--media-12a27782-d011-4e0d-8dc6-67415d61c146\">T\u00e9l\u00e9charger<\/a><\/div>\n\n\n\n<p>Les autres documents<\/p>\n\n\n\n<div data-wp-interactive=\"core\/file\" class=\"wp-block-file\"><object data-wp-bind--hidden=\"!state.hasPdfPreview\" hidden class=\"wp-block-file__embed\" data=\"https:\/\/belfortvolley.fr\/wp-content\/uploads\/2025\/09\/Convention_Transport-25_26.pdf\" type=\"application\/pdf\" style=\"width:100%;height:600px\" aria-label=\"Contenu embarqu\u00e9 Convention_Transport 25_26.\"><\/object><a id=\"wp-block-file--media-f6449013-7e75-4080-8ecc-b7caabdbcda7\" href=\"https:\/\/belfortvolley.fr\/wp-content\/uploads\/2025\/09\/Convention_Transport-25_26.pdf\" target=\"_blank\" rel=\"noreferrer noopener\">Convention_Transport 25_26<\/a><a href=\"https:\/\/belfortvolley.fr\/wp-content\/uploads\/2025\/09\/Convention_Transport-25_26.pdf\" class=\"wp-block-file__button wp-element-button\" download aria-describedby=\"wp-block-file--media-f6449013-7e75-4080-8ecc-b7caabdbcda7\">T\u00e9l\u00e9charger<\/a><\/div>\n\n\n\n<div data-wp-interactive=\"core\/file\" class=\"wp-block-file\"><object data-wp-bind--hidden=\"!state.hasPdfPreview\" hidden class=\"wp-block-file__embed\" data=\"https:\/\/belfortvolley.fr\/wp-content\/uploads\/2025\/09\/Tarifs-licences-2025-2026.pdf\" type=\"application\/pdf\" style=\"width:100%;height:600px\" aria-label=\"Contenu embarqu\u00e9 Tarifs licences 2025 2026.\"><\/object><a id=\"wp-block-file--media-450f4f4e-7f32-44c0-96d4-7ab0b52c445f\" href=\"https:\/\/belfortvolley.fr\/wp-content\/uploads\/2025\/09\/Tarifs-licences-2025-2026.pdf\">Tarifs licences 2025 2026<\/a><a href=\"https:\/\/belfortvolley.fr\/wp-content\/uploads\/2025\/09\/Tarifs-licences-2025-2026.pdf\" class=\"wp-block-file__button wp-element-button\" download aria-describedby=\"wp-block-file--media-450f4f4e-7f32-44c0-96d4-7ab0b52c445f\">T\u00e9l\u00e9charger<\/a><\/div>\n","protected":false},"excerpt":{"rendered":"<p>Voici les documents \u00e0 fournir pour pouvoir s&rsquo;inscrire au club, \u00e0 remplir et remettre \u00e0 votre coach\/responsable d&rsquo;\u00e9quipe La fiche adh\u00e9rent : Le formulaire de &hellip; <\/p>\n","protected":false},"author":4,"featured_media":0,"parent":0,"menu_order":0,"comment_status":"closed","ping_status":"closed","template":"","meta":{"footnotes":""},"class_list":["post-29","page","type-page","status-publish","hentry"],"jetpack_sharing_enabled":true,"_links":{"self":[{"href":"https:\/\/belfortvolley.fr\/index.php\/wp-json\/wp\/v2\/pages\/29","targetHints":{"allow":["GET"]}}],"collection":[{"href":"https:\/\/belfortvolley.fr\/index.php\/wp-json\/wp\/v2\/pages"}],"about":[{"href":"https:\/\/belfortvolley.fr\/index.php\/wp-json\/wp\/v2\/types\/page"}],"author":[{"embeddable":true,"href":"https:\/\/belfortvolley.fr\/index.php\/wp-json\/wp\/v2\/users\/4"}],"replies":[{"embeddable":true,"href":"https:\/\/belfortvolley.fr\/index.php\/wp-json\/wp\/v2\/comments?post=29"}],"version-history":[{"count":22,"href":"https:\/\/belfortvolley.fr\/index.php\/wp-json\/wp\/v2\/pages\/29\/revisions"}],"predecessor-version":[{"id":1380,"href":"https:\/\/belfortvolley.fr\/index.php\/wp-json\/wp\/v2\/pages\/29\/revisions\/1380"}],"wp:attachment":[{"href":"https:\/\/belfortvolley.fr\/index.php\/wp-json\/wp\/v2\/media?parent=29"}],"curies":[{"name":"wp","href":"https:\/\/api.w.org\/{rel}","templated":true}]}}