{"id":125,"date":"2022-10-19T23:44:50","date_gmt":"2022-10-19T21:44:50","guid":{"rendered":"http:\/\/belfortvolley.fr\/?page_id=125"},"modified":"2024-10-20T12:56:50","modified_gmt":"2024-10-20T10:56:50","slug":"m18-masculins","status":"publish","type":"page","link":"https:\/\/belfortvolley.fr\/index.php\/m18-masculins\/","title":{"rendered":"M18 Filles et Gar\u00e7ons"},"content":{"rendered":"\n<p>Entra\u00eeneurs : Matthew GABAILLE et Paul GAUTHIER<\/p>\n\n\n\n<p>Les r\u00e9sultats des gar\u00e7ons  <a href=\"https:\/\/bourgognefranchecomtevolley.fr\/regional-m18-garcons-elite\/\">sur le site de la Ligue<\/a><\/p>\n\n\n\n<p>Les r\u00e9sultats des filles <a href=\"https:\/\/bourgognefranchecomtevolley.fr\/regional-m18-filles-elite\/\">sur le site de la Ligue<\/a><\/p>\n\n\n\n<div class=\"wp-block-jetpack-tiled-gallery aligncenter is-style-rectangular\"><div class=\"\"><div class=\"tiled-gallery__gallery\"><div class=\"tiled-gallery__row\"><div class=\"tiled-gallery__col\" style=\"flex-basis:64.87227%\"><figure class=\"tiled-gallery__item\"><img decoding=\"async\" srcset=\"https:\/\/i0.wp.com\/belfortvolley.fr\/wp-content\/uploads\/2024\/10\/2024-M18G-CDF-2-1024x835.jpg?strip=info&#038;w=600&#038;ssl=1 600w,https:\/\/i0.wp.com\/belfortvolley.fr\/wp-content\/uploads\/2024\/10\/2024-M18G-CDF-2-1024x835.jpg?strip=info&#038;w=900&#038;ssl=1 900w,https:\/\/i0.wp.com\/belfortvolley.fr\/wp-content\/uploads\/2024\/10\/2024-M18G-CDF-2-1024x835.jpg?strip=info&#038;w=1200&#038;ssl=1 1200w\" alt=\"\" data-height=\"979\" data-id=\"1247\" data-link=\"https:\/\/belfortvolley.fr\/index.php\/m18-masculins\/2024-m18g-cdf-3\/\" data-url=\"https:\/\/belfortvolley.fr\/wp-content\/uploads\/2024\/10\/2024-M18G-CDF-2-1024x835.jpg\" data-width=\"1200\" src=\"https:\/\/i0.wp.com\/belfortvolley.fr\/wp-content\/uploads\/2024\/10\/2024-M18G-CDF-2-1024x835.jpg?ssl=1\" data-amp-layout=\"responsive\" tabindex=\"0\" role=\"button\" aria-label=\"Ouvrir l\u2019image 1 sur 3 en plein \u00e9cran\"\/><\/figure><\/div><div class=\"tiled-gallery__col\" style=\"flex-basis:35.12773%\"><figure class=\"tiled-gallery__item\"><img decoding=\"async\" srcset=\"https:\/\/i1.wp.com\/belfortvolley.fr\/wp-content\/uploads\/2024\/10\/PHOTO-2024-10-05-15-40-25-1-1024x768.jpg?strip=info&#038;w=600&#038;ssl=1 600w,https:\/\/i1.wp.com\/belfortvolley.fr\/wp-content\/uploads\/2024\/10\/PHOTO-2024-10-05-15-40-25-1-1024x768.jpg?strip=info&#038;w=900&#038;ssl=1 900w,https:\/\/i1.wp.com\/belfortvolley.fr\/wp-content\/uploads\/2024\/10\/PHOTO-2024-10-05-15-40-25-1-1024x768.jpg?strip=info&#038;w=1200&#038;ssl=1 1200w,https:\/\/i1.wp.com\/belfortvolley.fr\/wp-content\/uploads\/2024\/10\/PHOTO-2024-10-05-15-40-25-1-1024x768.jpg?strip=info&#038;w=1500&#038;ssl=1 1500w,https:\/\/i1.wp.com\/belfortvolley.fr\/wp-content\/uploads\/2024\/10\/PHOTO-2024-10-05-15-40-25-1-1024x768.jpg?strip=info&#038;w=1800&#038;ssl=1 1800w,https:\/\/i1.wp.com\/belfortvolley.fr\/wp-content\/uploads\/2024\/10\/PHOTO-2024-10-05-15-40-25-1-1024x768.jpg?strip=info&#038;w=2000&#038;ssl=1 2000w\" alt=\"\" data-height=\"1536\" data-id=\"1205\" data-link=\"https:\/\/belfortvolley.fr\/index.php\/m18-masculins\/photo-2024-10-05-15-40-25-2\/\" data-url=\"https:\/\/belfortvolley.fr\/wp-content\/uploads\/2024\/10\/PHOTO-2024-10-05-15-40-25-1-1024x768.jpg\" data-width=\"2048\" src=\"https:\/\/i1.wp.com\/belfortvolley.fr\/wp-content\/uploads\/2024\/10\/PHOTO-2024-10-05-15-40-25-1-1024x768.jpg?ssl=1\" data-amp-layout=\"responsive\" tabindex=\"0\" role=\"button\" aria-label=\"Ouvrir l\u2019image 2 sur 3 en plein \u00e9cran\"\/><\/figure><figure class=\"tiled-gallery__item\"><img decoding=\"async\" srcset=\"https:\/\/i0.wp.com\/belfortvolley.fr\/wp-content\/uploads\/2024\/10\/2024-M18F-CDF-1-1024x768.jpg?strip=info&#038;w=600&#038;ssl=1 600w,https:\/\/i0.wp.com\/belfortvolley.fr\/wp-content\/uploads\/2024\/10\/2024-M18F-CDF-1-1024x768.jpg?strip=info&#038;w=900&#038;ssl=1 900w,https:\/\/i0.wp.com\/belfortvolley.fr\/wp-content\/uploads\/2024\/10\/2024-M18F-CDF-1-1024x768.jpg?strip=info&#038;w=1200&#038;ssl=1 1200w,https:\/\/i0.wp.com\/belfortvolley.fr\/wp-content\/uploads\/2024\/10\/2024-M18F-CDF-1-1024x768.jpg?strip=info&#038;w=1500&#038;ssl=1 1500w,https:\/\/i0.wp.com\/belfortvolley.fr\/wp-content\/uploads\/2024\/10\/2024-M18F-CDF-1-1024x768.jpg?strip=info&#038;w=1600&#038;ssl=1 1600w\" alt=\"\" data-height=\"1200\" data-id=\"1246\" data-link=\"https:\/\/belfortvolley.fr\/index.php\/m18-masculins\/2024-m18f-cdf-2\/\" data-url=\"https:\/\/belfortvolley.fr\/wp-content\/uploads\/2024\/10\/2024-M18F-CDF-1-1024x768.jpg\" data-width=\"1600\" src=\"https:\/\/i0.wp.com\/belfortvolley.fr\/wp-content\/uploads\/2024\/10\/2024-M18F-CDF-1-1024x768.jpg?ssl=1\" data-amp-layout=\"responsive\" tabindex=\"0\" role=\"button\" aria-label=\"Ouvrir l\u2019image 3 sur 3 en plein \u00e9cran\"\/><\/figure><\/div><\/div><\/div><\/div><\/div>\n\n\n\n<p><\/p>\n","protected":false},"excerpt":{"rendered":"<p>Entra\u00eeneurs : Matthew GABAILLE et Paul GAUTHIER Les r\u00e9sultats des gar\u00e7ons sur le site de la Ligue Les r\u00e9sultats des filles sur le site de &hellip; <\/p>\n","protected":false},"author":1,"featured_media":0,"parent":0,"menu_order":0,"comment_status":"closed","ping_status":"closed","template":"","meta":{"footnotes":""},"class_list":["post-125","page","type-page","status-publish","hentry"],"jetpack_sharing_enabled":true,"_links":{"self":[{"href":"https:\/\/belfortvolley.fr\/index.php\/wp-json\/wp\/v2\/pages\/125","targetHints":{"allow":["GET"]}}],"collection":[{"href":"https:\/\/belfortvolley.fr\/index.php\/wp-json\/wp\/v2\/pages"}],"about":[{"href":"https:\/\/belfortvolley.fr\/index.php\/wp-json\/wp\/v2\/types\/page"}],"author":[{"embeddable":true,"href":"https:\/\/belfortvolley.fr\/index.php\/wp-json\/wp\/v2\/users\/1"}],"replies":[{"embeddable":true,"href":"https:\/\/belfortvolley.fr\/index.php\/wp-json\/wp\/v2\/comments?post=125"}],"version-history":[{"count":14,"href":"https:\/\/belfortvolley.fr\/index.php\/wp-json\/wp\/v2\/pages\/125\/revisions"}],"predecessor-version":[{"id":1251,"href":"https:\/\/belfortvolley.fr\/index.php\/wp-json\/wp\/v2\/pages\/125\/revisions\/1251"}],"wp:attachment":[{"href":"https:\/\/belfortvolley.fr\/index.php\/wp-json\/wp\/v2\/media?parent=125"}],"curies":[{"name":"wp","href":"https:\/\/api.w.org\/{rel}","templated":true}]}}